{"id":11676,"date":"2024-07-08T20:58:45","date_gmt":"2024-07-08T18:58:45","guid":{"rendered":"https:\/\/cristianobononi.com\/?page_id=11676"},"modified":"2024-07-08T21:32:54","modified_gmt":"2024-07-08T19:32:54","slug":"p-n-l","status":"publish","type":"page","link":"https:\/\/cristianobononi.com\/fr\/p-n-l\/","title":{"rendered":"P.N.L."},"content":{"rendered":"<section class=\"wpb-content-wrapper\"><div class=\"eltdf-row-grid-section\"><div class=\"vc_row wpb_row vc_row-fluid vc_custom_1720466442384 eltdf-row-type-row\" style=\"\"><div class=\"wpb_column vc_column_container vc_col-sm-12\"><div class=\"vc_column-inner\"><div class=\"wpb_wrapper\">\n\t<div class=\"wpb_text_column wpb_content_element\" >\n\t\t<div class=\"wpb_wrapper\">\n\t\t\t<h3>P.N.L.<\/h3>\n\n\t\t<\/div>\n\t<\/div>\n\n\t<div class=\"wpb_text_column wpb_content_element\" >\n\t\t<div class=\"wpb_wrapper\">\n\t\t\t<p class=\"p1\"><span class=\"s1\">La PNL est l\u2019acronyme de \n<span class=\"eltdf-highlight\" style=\"color: #000000;background-color: #ffc000\">\n\tProgrammation neurolinguistique<\/span>. La PNL est une approche pragmatique dans le domaine de la psychologie appliqu\u00e9e. Il s\u2019agit d\u2019une approche orient\u00e9e vers la solution. Aujourd\u2019hui, la PNL est consid\u00e9r\u00e9e comme: \n<span class=\"eltdf-highlight\" style=\"color: #000000;background-color: #ffc000\">\n\tune m\u00e9thode de psychologie appliqu\u00e9e, un syst\u00e8me pour mod\u00e9liser l\u2019excellence, une technologie de communication fonctionnelle et efficace, un art de vivre.<\/span>Elle est utilis\u00e9e dans divers contextes tels que : la th\u00e9rapie br\u00e8ve, le coaching, l\u2019entreprise, l\u2019administration, le sport, la formation, la performance et l\u2019\u00e9cole.<\/span><\/p>\n\n\t\t<\/div>\n\t<\/div>\n<\/div><\/div><\/div><\/div><\/div><div class=\"eltdf-row-grid-section\"><div class=\"vc_row wpb_row vc_row-fluid vc_custom_1720467002947 eltdf-row-type-row\" style=\"\"><div class=\"wpb_column vc_column_container vc_col-sm-12 vc_col-lg-4 vc_col-md-12\"><div class=\"vc_column-inner\"><div class=\"wpb_wrapper\"><div class=\"eltdf-animation-holder eltdf-element-from-top\" data-animation=\"eltdf-element-from-top\" data-animation-delay=\"500\"><div class=\"eltdf-animation-inner\"><div class=\"eltdf-iwt clearfix eltdf-iwt-icon-left eltdf-iwt-icon-small\">\n    <div class=\"eltdf-iwt-icon\">\n                                        <span class=\"eltdf-icon-shortcode eltdf-normal\"  data-color=\"#00bdbb\">\n                    <span aria-hidden=\"true\" class=\"eltdf-icon-font-elegant icon_mail_alt eltdf-icon-element\" style=\"color: #00bdbb;font-size:33px\" ><\/span>            <\/span>\n                        <\/div>\n    <div class=\"eltdf-iwt-content\" >\n\t    \t\t            <p class=\"eltdf-iwt-text\" >La carte n\u2019est pas le territoire qu\u2019elle repr\u00e9sente.<\/p>\n\t\t    <\/div>\n<\/div><\/div><\/div><div class=\"vc_empty_space\"   style=\"height: 70px\"><span class=\"vc_empty_space_inner\"><\/span><\/div><\/div><\/div><\/div><div class=\"wpb_column vc_column_container vc_col-sm-12 vc_col-lg-4 vc_col-md-12\"><div class=\"vc_column-inner\"><div class=\"wpb_wrapper\"><div class=\"eltdf-animation-holder eltdf-element-from-top\" data-animation=\"eltdf-element-from-top\" data-animation-delay=\"600\"><div class=\"eltdf-animation-inner\"><div class=\"eltdf-iwt clearfix eltdf-iwt-icon-left eltdf-iwt-icon-small\">\n    <div class=\"eltdf-iwt-icon\">\n                                        <span class=\"eltdf-icon-shortcode eltdf-normal\"  data-color=\"#00bdbb\">\n                    <span aria-hidden=\"true\" class=\"eltdf-icon-font-elegant icon_heart_alt eltdf-icon-element\" style=\"color: #00bdbb;font-size:33px\" ><\/span>            <\/span>\n                        <\/div>\n    <div class=\"eltdf-iwt-content\" >\n\t    \t\t            <p class=\"eltdf-iwt-text\" >Tout comportement ob\u00e9it \u00e0 une intention positive.<\/p>\n\t\t    <\/div>\n<\/div><\/div><\/div><div class=\"vc_empty_space\"   style=\"height: 70px\"><span class=\"vc_empty_space_inner\"><\/span><\/div><\/div><\/div><\/div><div class=\"wpb_column vc_column_container vc_col-sm-12 vc_col-lg-4 vc_col-md-12\"><div class=\"vc_column-inner\"><div class=\"wpb_wrapper\"><div class=\"eltdf-animation-holder eltdf-element-from-top\" data-animation=\"eltdf-element-from-top\" data-animation-delay=\"700\"><div class=\"eltdf-animation-inner\"><div class=\"eltdf-iwt clearfix eltdf-iwt-icon-left eltdf-iwt-icon-small\">\n    <div class=\"eltdf-iwt-icon\">\n                                        <span class=\"eltdf-icon-shortcode eltdf-normal\"  data-color=\"#00bdbb\">\n                    <span aria-hidden=\"true\" class=\"eltdf-icon-font-elegant icon_star_alt eltdf-icon-element\" style=\"color: #00bdbb;font-size:33px\" ><\/span>            <\/span>\n                        <\/div>\n    <div class=\"eltdf-iwt-content\" >\n\t    \t\t            <p class=\"eltdf-iwt-text\" >Tous poss\u00e8dent ou peuvent d\u00e9velopper les ressources n\u00e9cessaires pour changer et atteindre leurs objectifs.<\/p>\n\t\t    <\/div>\n<\/div><\/div><\/div><div class=\"vc_empty_space\"   style=\"height: 70px\"><span class=\"vc_empty_space_inner\"><\/span><\/div><\/div><\/div><\/div><\/div><\/div><div class=\"eltdf-row-grid-section\"><div class=\"vc_row wpb_row vc_row-fluid vc_custom_1480084745982 eltdf-row-type-row\" style=\"\"><div class=\"wpb_column vc_column_container vc_col-sm-12 vc_col-lg-4 vc_col-md-12\"><div class=\"vc_column-inner\"><div class=\"wpb_wrapper\"><div class=\"eltdf-animation-holder eltdf-element-from-top\" data-animation=\"eltdf-element-from-top\" data-animation-delay=\"800\"><div class=\"eltdf-animation-inner\"><div class=\"eltdf-iwt clearfix eltdf-iwt-icon-left eltdf-iwt-icon-small\">\n    <div class=\"eltdf-iwt-icon\">\n                                        <span class=\"eltdf-icon-shortcode eltdf-normal\"  data-color=\"#00bdbb\">\n                    <span aria-hidden=\"true\" class=\"eltdf-icon-font-elegant icon_puzzle eltdf-icon-element\" style=\"color: #00bdbb;font-size:33px\" ><\/span>            <\/span>\n                        <\/div>\n    <div class=\"eltdf-iwt-content\" >\n\t    \t\t            <p class=\"eltdf-iwt-text\" >Dans la communication, il n\u2019y a pas d\u2019\u00e9chec, seulement du feedback.<\/p>\n\t\t    <\/div>\n<\/div><\/div><\/div><div class=\"vc_empty_space\"   style=\"height: 70px\"><span class=\"vc_empty_space_inner\"><\/span><\/div><\/div><\/div><\/div><div class=\"wpb_column vc_column_container vc_col-sm-12 vc_col-lg-4 vc_col-md-12\"><div class=\"vc_column-inner\"><div class=\"wpb_wrapper\"><div class=\"eltdf-animation-holder eltdf-element-from-top\" data-animation=\"eltdf-element-from-top\" data-animation-delay=\"900\"><div class=\"eltdf-animation-inner\"><div class=\"eltdf-iwt clearfix eltdf-iwt-icon-left eltdf-iwt-icon-small\">\n    <div class=\"eltdf-iwt-icon\">\n                                        <span class=\"eltdf-icon-shortcode eltdf-normal\"  data-color=\"#00bdbb\">\n                    <span aria-hidden=\"true\" class=\"eltdf-icon-font-elegant icon_gift_alt eltdf-icon-element\" style=\"color: #00bdbb;font-size:33px\" ><\/span>            <\/span>\n                        <\/div>\n    <div class=\"eltdf-iwt-content\" >\n\t    \t\t            <p class=\"eltdf-iwt-text\" >Le sens de la communication est donn\u00e9 par la r\u00e9ponse obtenue, quelle que soit l\u2019intention de l\u2019orateur.<\/p>\n\t\t    <\/div>\n<\/div><\/div><\/div><div class=\"vc_empty_space\"   style=\"height: 70px\"><span class=\"vc_empty_space_inner\"><\/span><\/div><\/div><\/div><\/div><div class=\"wpb_column vc_column_container vc_col-sm-12 vc_col-lg-4 vc_col-md-12\"><div class=\"vc_column-inner\"><div class=\"wpb_wrapper\"><div class=\"eltdf-animation-holder eltdf-element-from-top\" data-animation=\"eltdf-element-from-top\" data-animation-delay=\"1000\"><div class=\"eltdf-animation-inner\"><div class=\"eltdf-iwt clearfix eltdf-iwt-icon-left eltdf-iwt-icon-small\">\n    <div class=\"eltdf-iwt-icon\">\n                                        <span class=\"eltdf-icon-shortcode eltdf-normal\"  data-color=\"#00bdbb\">\n                    <span aria-hidden=\"true\" class=\"eltdf-icon-font-elegant icon_cart_alt eltdf-icon-element\" style=\"color: #00bdbb;font-size:33px\" ><\/span>            <\/span>\n                        <\/div>\n    <div class=\"eltdf-iwt-content\" >\n\t    \t\t            <p class=\"eltdf-iwt-text\" >Le changement est l\u2019espace entre l\u2019\u00e9tat pr\u00e9sent et l\u2019\u00e9tat d\u00e9sir\u00e9.<\/p>\n\t\t    <\/div>\n<\/div><\/div><\/div><div class=\"vc_empty_space\"   style=\"height: 70px\"><span class=\"vc_empty_space_inner\"><\/span><\/div><\/div><\/div><\/div><\/div><\/div>\n<\/section>","protected":false},"excerpt":{"rendered":"P.N.L. PNL \u00e8 l\u2019acronimo di Programmazione Neuro Linguistica. La PNL \u00e8 un approccio pragmatico nel campo della psicologia applicata. Si tratta di un approccio orientato alla soluzione. Al giorno d\u2019oggi la PNL \u00e8 considerata: un metodo di psicologia applicata, un sistema per modellizzare l\u2019eccellenza, una [...]","protected":false},"author":1,"featured_media":0,"parent":0,"menu_order":0,"comment_status":"closed","ping_status":"closed","template":"full-width.php","meta":{"footnotes":""},"class_list":["post-11676","page","type-page","status-publish","hentry"],"_links":{"self":[{"href":"https:\/\/cristianobononi.com\/fr\/wp-json\/wp\/v2\/pages\/11676","targetHints":{"allow":["GET"]}}],"collection":[{"href":"https:\/\/cristianobononi.com\/fr\/wp-json\/wp\/v2\/pages"}],"about":[{"href":"https:\/\/cristianobononi.com\/fr\/wp-json\/wp\/v2\/types\/page"}],"author":[{"embeddable":true,"href":"https:\/\/cristianobononi.com\/fr\/wp-json\/wp\/v2\/users\/1"}],"replies":[{"embeddable":true,"href":"https:\/\/cristianobononi.com\/fr\/wp-json\/wp\/v2\/comments?post=11676"}],"version-history":[{"count":13,"href":"https:\/\/cristianobononi.com\/fr\/wp-json\/wp\/v2\/pages\/11676\/revisions"}],"predecessor-version":[{"id":11690,"href":"https:\/\/cristianobononi.com\/fr\/wp-json\/wp\/v2\/pages\/11676\/revisions\/11690"}],"wp:attachment":[{"href":"https:\/\/cristianobononi.com\/fr\/wp-json\/wp\/v2\/media?parent=11676"}],"curies":[{"name":"wp","href":"https:\/\/api.w.org\/{rel}","templated":true}]}}