{"id":11786,"date":"2025-08-15T18:10:44","date_gmt":"2025-08-15T16:10:44","guid":{"rendered":"https:\/\/cristianobononi.com\/?page_id=11786"},"modified":"2025-11-03T21:47:00","modified_gmt":"2025-11-03T20:47:00","slug":"coaching","status":"publish","type":"page","link":"https:\/\/cristianobononi.com\/fr\/coaching\/","title":{"rendered":"Coaching"},"content":{"rendered":"<section class=\"wpb-content-wrapper\"><div class=\"vc_row wpb_row vc_row-fluid vc_custom_1700857141834 eltdf-content-aligment-center eltdf-row-type-row\" style=\"\"><div class=\"wpb_column vc_column_container vc_col-sm-12\"><div class=\"vc_column-inner\"><div class=\"wpb_wrapper\"><div class=\"eltdf-row-grid-section\"><div class=\"vc_row wpb_row vc_inner vc_row-fluid\"><div class=\"wpb_column vc_column_container vc_col-sm-12\"><div class=\"vc_column-inner\"><div class=\"wpb_wrapper\"><div class=\"eltdf-animation-holder eltdf-element-from-top\" data-animation=\"eltdf-element-from-top\" data-animation-delay=\"100\"><div class=\"eltdf-animation-inner\">\n\t<div class=\"wpb_text_column wpb_content_element\" >\n\t\t<div class=\"wpb_wrapper\">\n\t\t\t<h4 class=\"p1\" style=\"text-align: left;\"><strong><span class=\"s1\">\u00c0 propos du coaching<\/span><\/strong><\/h4>\n<p class=\"p1\" style=\"text-align: left;\"><span class=\"s1\">Le coaching se d\u00e9finit comme une relation assist\u00e9e pendant une p\u00e9riode d\u00e9termin\u00e9e qui permet au client d\u2019obtenir des r\u00e9sultats concrets et mesurables dans la vie professionnelle et\/ou personnelle. \u00c0 travers le processus de coaching, le client approfondit ses connaissances et am\u00e9liore ses performances.<\/span><\/p>\n<p class=\"p1\" style=\"text-align: left;\"><span class=\"s1\">Le coaching peut \u00eatre utilis\u00e9 en parall\u00e8le d\u2019un travail de psychoth\u00e9rapie mais ne peut jamais s\u2019y substituer.<\/span><\/p>\n<blockquote>\n<p class=\"p1\" style=\"text-align: left;\"><span class=\"s1\">Le coaching est une relation contractuelle durant laquelle le coach accompagne le coach\u00e9 dans l\u2019identification, la pr\u00e9cision et l\u2019accomplissement de ses objectifs personnels et\/ou professionnels. Le coach\u00e9 est responsable de la mise en pratique des d\u00e9cisions prises avec le coach et donc aussi des r\u00e9sultats. Le coach a une obligation de comp\u00e9tences qui consiste \u00e0 mettre \u00e0 disposition du coach\u00e9 ses comp\u00e9tences et son \u00e9thique <\/span><span class=\"s2\">afin de lui permettre au <span class=\"s1\">coachee<\/span>\u00a0de prendre les meilleures d\u00e9cisions possibles pour luim\u00eame, en respectant son environnement.<\/span><span class=\"s1\"> Le coach accompagne le coach\u00e9 depuis la mise en pratique des d\u00e9cisions jusqu\u2019\u00e0 l\u2019acquisition du r\u00e9sultat d\u00e9sir\u00e9. Le coaching est donc un parcours d\u2019apprentissage, de d\u00e9veloppement personnel et\/ou professionnel.\"<\/span><\/p>\n<\/blockquote>\n<p class=\"p1\" style=\"text-align: left;\"><em><span class=\"s1\">Pierre Jean De Jonghe<\/span><\/em><\/p>\n\n\t\t<\/div>\n\t<\/div>\n<div class=\"vc_empty_space\"   style=\"height: 32px\"><span class=\"vc_empty_space_inner\"><\/span><\/div><\/div><\/div><\/div><\/div><\/div><\/div><\/div><div class=\"eltdf-row-grid-section\"><div class=\"vc_row wpb_row vc_inner vc_row-fluid\"><div class=\"wpb_column vc_column_container vc_col-sm-6\"><div class=\"vc_column-inner\"><div class=\"wpb_wrapper\"><div class=\"eltdf-animation-holder eltdf-element-from-top\" data-animation=\"eltdf-element-from-top\" data-animation-delay=\"200\"><div class=\"eltdf-animation-inner\">\n\t<div class=\"wpb_text_column wpb_content_element\" >\n\t\t<div class=\"wpb_wrapper\">\n\t\t\t<h4 class=\"p1\" style=\"text-align: left;\"><span class=\"s1\">Le coaching est:<\/span><\/h4>\n<p class=\"p1\" style=\"text-align: left;\"><span class=\"s1\">Une relation \u00e9galitaire \/ un partenariat<\/span><\/p>\n<p class=\"p1\" style=\"text-align: left;\"><span class=\"s1\">Orient\u00e9 vers la positivit\u00e9 et les ressources de la personne<\/span><\/p>\n<p class=\"p1\" style=\"text-align: left;\"><span class=\"s1\">D\u00e9fini dans le temps<\/span><\/p>\n<p class=\"p1\" style=\"text-align: left;\"><span class=\"s1\">Contractuel<\/span><\/p>\n<p class=\"p1\" style=\"text-align: left;\"><span class=\"s1\">Centr\u00e9 sur le processus plus que sur le contenu<\/span><\/p>\n<p class=\"p1\" style=\"text-align: left;\"><span class=\"s1\">Orient\u00e9 vers le pr\u00e9sent et le futur<\/span><\/p>\n<p class=\"p1\" style=\"text-align: left;\"><span class=\"s1\">Orient\u00e9 vers l\u2019action et les r\u00e9sultats<\/span><\/p>\n\n\t\t<\/div>\n\t<\/div>\n<div class=\"vc_empty_space\"   style=\"height: 32px\"><span class=\"vc_empty_space_inner\"><\/span><\/div><\/div><\/div><\/div><\/div><\/div><div class=\"wpb_column vc_column_container vc_col-sm-6\"><div class=\"vc_column-inner\"><div class=\"wpb_wrapper\"><div class=\"eltdf-animation-holder eltdf-element-from-top\" data-animation=\"eltdf-element-from-top\" data-animation-delay=\"300\"><div class=\"eltdf-animation-inner\">\n\t<div class=\"wpb_text_column wpb_content_element\" >\n\t\t<div class=\"wpb_wrapper\">\n\t\t\t<h4 class=\"p1\" style=\"text-align: left;\"><span class=\"s1\">Le coach est:<\/span><\/h4>\n<p class=\"p1\" style=\"text-align: left;\"><span class=\"s1\">un partenaire<\/span><\/p>\n<p class=\"p1\" style=\"text-align: left;\"><span class=\"s1\">un facilitateur<\/span><\/p>\n<p class=\"p1\" style=\"text-align: left;\"><span class=\"s1\">un motivateur<\/span><\/p>\n<p class=\"p1\" style=\"text-align: left;\"><span class=\"s1\">un lib\u00e9rateur de potentiel<\/span><\/p>\n<p class=\"p1\" style=\"text-align: left;\"><span class=\"s1\">un miroir \/ un r\u00e9v\u00e9lateur<\/span><\/p>\n\n\t\t<\/div>\n\t<\/div>\n<div class=\"vc_empty_space\"   style=\"height: 32px\"><span class=\"vc_empty_space_inner\"><\/span><\/div><\/div><\/div><\/div><\/div><\/div><\/div><\/div><\/div><\/div><\/div><\/div>\n<\/section>","protected":false},"excerpt":{"rendered":"A proposito del coaching Il coaching si definisce come una relazione assistita durante un periodo definito che permette al cliente di ottenere risultati concreti e misurabili nella vita professionale e o personale. Attraverso il processo di coaching, il cliente approfondisce le sue conoscenze e migliora [...]","protected":false},"author":1,"featured_media":11770,"parent":0,"menu_order":0,"comment_status":"closed","ping_status":"closed","template":"full-width.php","meta":{"footnotes":""},"class_list":["post-11786","page","type-page","status-publish","has-post-thumbnail","hentry"],"_links":{"self":[{"href":"https:\/\/cristianobononi.com\/fr\/wp-json\/wp\/v2\/pages\/11786","targetHints":{"allow":["GET"]}}],"collection":[{"href":"https:\/\/cristianobononi.com\/fr\/wp-json\/wp\/v2\/pages"}],"about":[{"href":"https:\/\/cristianobononi.com\/fr\/wp-json\/wp\/v2\/types\/page"}],"author":[{"embeddable":true,"href":"https:\/\/cristianobononi.com\/fr\/wp-json\/wp\/v2\/users\/1"}],"replies":[{"embeddable":true,"href":"https:\/\/cristianobononi.com\/fr\/wp-json\/wp\/v2\/comments?post=11786"}],"version-history":[{"count":17,"href":"https:\/\/cristianobononi.com\/fr\/wp-json\/wp\/v2\/pages\/11786\/revisions"}],"predecessor-version":[{"id":11790,"href":"https:\/\/cristianobononi.com\/fr\/wp-json\/wp\/v2\/pages\/11786\/revisions\/11790"}],"wp:featuredmedia":[{"embeddable":true,"href":"https:\/\/cristianobononi.com\/fr\/wp-json\/wp\/v2\/media\/11770"}],"wp:attachment":[{"href":"https:\/\/cristianobononi.com\/fr\/wp-json\/wp\/v2\/media?parent=11786"}],"curies":[{"name":"wp","href":"https:\/\/api.w.org\/{rel}","templated":true}]}}