{"id":11804,"date":"2025-09-11T14:33:32","date_gmt":"2025-09-11T12:33:32","guid":{"rendered":"https:\/\/cristianobononi.com\/?page_id=11804"},"modified":"2025-11-03T21:48:31","modified_gmt":"2025-11-03T20:48:31","slug":"chi-sono","status":"publish","type":"page","link":"https:\/\/cristianobononi.com\/fr\/chi-sono\/","title":{"rendered":"Qui suis je"},"content":{"rendered":"<section class=\"wpb-content-wrapper\"><div class=\"vc_row wpb_row vc_row-fluid eltdf-row-type-row\" style=\"\"><div class=\"wpb_column vc_column_container vc_col-sm-12\"><div class=\"vc_column-inner\"><div class=\"wpb_wrapper\"><div class=\"eltdf-row-grid-section\"><div class=\"vc_row wpb_row vc_inner vc_row-fluid\"><div class=\"wpb_column vc_column_container vc_col-sm-12\"><div class=\"vc_column-inner\"><div class=\"wpb_wrapper\"><div class=\"eltdf-animation-holder eltdf-fade-in-down\" data-animation=\"eltdf-fade-in-down\" data-animation-delay=\"\"><div class=\"eltdf-animation-inner\">\n\t<div class=\"wpb_text_column wpb_content_element\" >\n\t\t<div class=\"wpb_wrapper\">\n\t\t\t<p class=\"p1\"><span class=\"s1\">Coach professionnel et praticien PNL certifi\u00e9 \u00e0 l\u2019ICI de Gen\u00e8ve, entrepreneur et curieux de la vie:<\/span><\/p>\n<p class=\"p1\"><span class=\"s1\"><i>'Il y a 15 ans, j\u2019avais un r\u00eave : partir de l\u2019Italie. \u00c0 bien y voir, plus qu\u2019un r\u00eave, c\u2019\u00e9tait du d\u00e9sespoir. Je n\u2019en pouvais plus, rien de ce que je faisais ne fonctionnait. Derri\u00e8re moi, une belle liste d\u2019\u00e9checs : un parcours universitaire abandonn\u00e9 \u00e0 quelques examens de la fin, un travail de designer que j\u2019aimais mais qui ne m\u2019\u00e9panouissait pas totalement et, encore moins, ne me satisfaisait \u00e9conomiquement. Divers probl\u00e8mes familiaux et une incapacit\u00e9 quasi pathologique \u00e0 m\u2019attacher affectivement.<br \/>\nPuis, par hasard, une opportunit\u00e9 est arriv\u00e9e : g\u00e9rer une soci\u00e9t\u00e9 de distribution d\u2019\u00e9quipements de boulangerie en Afrique subsaharienne. \u00c9videmment, pas de salaire mais seulement un remboursement des frais en \u00e9change d\u2019un pourcentage de la soci\u00e9t\u00e9 (qui en r\u00e9alit\u00e9 \u00e9tait des dettes, puisque l\u2019on partait de z\u00e9ro), une petite maison dans un quartier pas vraiment s\u00fbr pour un Europ\u00e9en et un billet d\u2019avion retour apr\u00e8s 7 mois. Le classique \u201cje n\u2019ai plus rien \u00e0 perdre\u201d. J\u2019ai accept\u00e9 et cinq mois plus tard je vivais en Afrique.\nL\u2019Afrique ne fait pas de cadeaux. Tu es seul, sans parachute familial, sans amis de longue date, sans rep\u00e8res ni habitudes. La culture est tellement diff\u00e9rente que c\u2019\u00e9tait comme aller sur Mars. Quand tu as un probl\u00e8me ou que tu es abattu, tu dois t\u2019affronter. J\u2019ai appris \u00e0 me confronter, \u00e0 interagir avec des cultures diff\u00e9rentes, dans des conditions parfois absurdes pour un Europ\u00e9en \u00e9lev\u00e9 \u00e0 Turin. J\u2019ai appris \u00e0 m\u2019adapter, \u00e0 cr\u00e9er des amiti\u00e9s profondes et \u00e0 vivre de grandes d\u00e9ceptions. J\u2019ai \u00e9largi ma vision du monde en apprenant des autres cultures et en cherchant \u00e0 partager la mienne. J\u2019ai int\u00e9gr\u00e9 chaque exp\u00e9rience \u00e0 ma mani\u00e8re d\u2019\u00eatre. J\u2019ai cess\u00e9 d\u2019avoir peur et je me suis battu pour moim\u00eame. J\u2019ai v\u00e9cu, souffert, jubil\u00e9 et partag\u00e9.\nAujourd\u2019hui je vois le monde avec des yeux diff\u00e9rents. Je me per\u00e7ois autrement. Je suis conscient et satisfait de moim\u00eame. J\u2019ai appris \u00e0 donner sans m\u2019\u00e9puiser et \u00e0 demander quand j\u2019en avais besoin. J\u2019ai appris que travailler chaque jour apporte de grands r\u00e9sultats et que le bien\u00eatre se trouve dans le quotidien et non dans le grand \u00e9v\u00e9nement. J\u2019ai aussi appris deux langues et quelques dialectes locaux. J\u2019ai appris \u00e0 vivre sainement les relations affectives et \u00e0 d\u00e9finir les limites de la libert\u00e9 d\u2019autrui envers moi. J\u2019ai appris \u00e0 dire non et j\u2019en ai savour\u00e9 les b\u00e9n\u00e9fices.\nMais la chose la plus importante que j\u2019ai apprise, c\u2019est croire en moim\u00eame et faire confiance \u00e0 mon intuition. \u00catre coach et praticien PNL me passionne, me satisfait et me gratifie. On peut partir d\u00e9sesp\u00e9r\u00e9 et se retrouver heureux et accompli. On peut recommencer et se r\u00e9aliser.<span class=\"Apple-converted-space\">\u00a0 <\/span>Il suffit de ne jamais cesser de r\u00eaver, d\u2019agir et de se faire aider quand on en ressent le besoin.<\/i><\/span><\/p>\n<p class=\"p1\"><span class=\"s1\"><i>Si j\u2019y suis arriv\u00e9, tu peux y arriver toi aussi\u202f!<\/i><\/span><\/p>\n<p class=\"p1\"><span class=\"s1\"><i>Ciao <\/i><\/span><\/p>\n<p class=\"p2\"><span class=\"s2\"><i>Cristiano<\/i><\/span><\/p>\n\n\t\t<\/div>\n\t<\/div>\n<\/div><\/div><\/div><\/div><\/div><\/div><\/div><\/div><\/div><\/div><\/div><div class=\"vc_row wpb_row vc_row-fluid vc_custom_1480519709831 eltdf-content-aligment-center eltdf-row-type-row\" style=\"\"><div class=\"wpb_column vc_column_container vc_col-sm-12\"><div class=\"vc_column-inner\"><div class=\"wpb_wrapper\"><div class=\"eltdf-row-grid-section\"><div class=\"vc_row wpb_row vc_inner vc_row-fluid\"><div class=\"wpb_column vc_column_container vc_col-sm-3\"><div class=\"vc_column-inner\"><div class=\"wpb_wrapper\"><div class=\"eltdf-image-with-text-holder\">\n    <div class=\"eltdf-iwt-image\">\n                    <a itemprop=\"image\" href=\"https:\/\/cristianobononi.com\/wp-content\/uploads\/2025\/09\/Coaching-et-DALF-2.jpg\" data-rel=\"prettyPhoto[single_pretty_photo]\" title=\"\">\n                                    <img loading=\"lazy\" decoding=\"async\" width=\"1280\" height=\"880\" src=\"https:\/\/cristianobononi.com\/wp-content\/uploads\/2025\/09\/Coaching-et-DALF-2.jpg\" class=\"attachment-full size-full\" alt=\"\" srcset=\"https:\/\/cristianobononi.com\/wp-content\/uploads\/2025\/09\/Coaching-et-DALF-2.jpg 1280w, https:\/\/cristianobononi.com\/wp-content\/uploads\/2025\/09\/Coaching-et-DALF-2-300x206.jpg 300w, https:\/\/cristianobononi.com\/wp-content\/uploads\/2025\/09\/Coaching-et-DALF-2-1024x704.jpg 1024w, https:\/\/cristianobononi.com\/wp-content\/uploads\/2025\/09\/Coaching-et-DALF-2-768x528.jpg 768w\" sizes=\"auto, (max-width: 1280px) 100vw, 1280px\" \/>                                <\/a>\n            <\/div>\n    <div class=\"eltdf-iwt-text-holder\">\n                    <h3 class=\"eltdf-iwt-title\" >Dipl\u00f4me approfondis da langue fran\u00e7aise<\/h3>\n        \t\t    <\/div>\n<\/div><div class=\"vc_empty_space\"   style=\"height: 40px\"><span class=\"vc_empty_space_inner\"><\/span><\/div><\/div><\/div><\/div><div class=\"wpb_column vc_column_container vc_col-sm-3\"><div class=\"vc_column-inner\"><div class=\"wpb_wrapper\"><div class=\"eltdf-image-with-text-holder\">\n    <div class=\"eltdf-iwt-image\">\n                    <a itemprop=\"image\" href=\"https:\/\/cristianobononi.com\/wp-content\/uploads\/2025\/09\/Coaching-et-DALF-3.jpg\" data-rel=\"prettyPhoto[single_pretty_photo]\" title=\"\">\n                                    <img loading=\"lazy\" decoding=\"async\" width=\"1280\" height=\"888\" src=\"https:\/\/cristianobononi.com\/wp-content\/uploads\/2025\/09\/Coaching-et-DALF-3.jpg\" class=\"attachment-full size-full\" alt=\"\" srcset=\"https:\/\/cristianobononi.com\/wp-content\/uploads\/2025\/09\/Coaching-et-DALF-3.jpg 1280w, https:\/\/cristianobononi.com\/wp-content\/uploads\/2025\/09\/Coaching-et-DALF-3-300x208.jpg 300w, https:\/\/cristianobononi.com\/wp-content\/uploads\/2025\/09\/Coaching-et-DALF-3-1024x710.jpg 1024w, https:\/\/cristianobononi.com\/wp-content\/uploads\/2025\/09\/Coaching-et-DALF-3-768x533.jpg 768w\" sizes=\"auto, (max-width: 1280px) 100vw, 1280px\" \/>                                <\/a>\n            <\/div>\n    <div class=\"eltdf-iwt-text-holder\">\n                    <h3 class=\"eltdf-iwt-title\" >Coach Professionel Certifi\u00e9 Niveau 1<\/h3>\n        \t\t    <\/div>\n<\/div><div class=\"vc_empty_space\"   style=\"height: 40px\"><span class=\"vc_empty_space_inner\"><\/span><\/div><\/div><\/div><\/div><div class=\"wpb_column vc_column_container vc_col-sm-3\"><div class=\"vc_column-inner\"><div class=\"wpb_wrapper\"><div class=\"eltdf-image-with-text-holder\">\n    <div class=\"eltdf-iwt-image\">\n                    <a itemprop=\"image\" href=\"https:\/\/cristianobononi.com\/wp-content\/uploads\/2025\/09\/Cristiano-BONONI.jpg\" data-rel=\"prettyPhoto[single_pretty_photo]\" title=\"\">\n                                    <img loading=\"lazy\" decoding=\"async\" width=\"1280\" height=\"877\" src=\"https:\/\/cristianobononi.com\/wp-content\/uploads\/2025\/09\/Cristiano-BONONI.jpg\" class=\"attachment-full size-full\" alt=\"\" srcset=\"https:\/\/cristianobononi.com\/wp-content\/uploads\/2025\/09\/Cristiano-BONONI.jpg 1280w, https:\/\/cristianobononi.com\/wp-content\/uploads\/2025\/09\/Cristiano-BONONI-300x206.jpg 300w, https:\/\/cristianobononi.com\/wp-content\/uploads\/2025\/09\/Cristiano-BONONI-1024x702.jpg 1024w, https:\/\/cristianobononi.com\/wp-content\/uploads\/2025\/09\/Cristiano-BONONI-768x526.jpg 768w\" sizes=\"auto, (max-width: 1280px) 100vw, 1280px\" \/>                                <\/a>\n            <\/div>\n    <div class=\"eltdf-iwt-text-holder\">\n                    <h3 class=\"eltdf-iwt-title\" >Certificat de praticien Coach PNL<\/h3>\n        \t\t    <\/div>\n<\/div><div class=\"vc_empty_space\"   style=\"height: 40px\"><span class=\"vc_empty_space_inner\"><\/span><\/div><\/div><\/div><\/div><div class=\"wpb_column vc_column_container vc_col-sm-3\"><div class=\"vc_column-inner\"><div class=\"wpb_wrapper\"><div class=\"eltdf-image-with-text-holder\">\n    <div class=\"eltdf-iwt-image\">\n                    <a itemprop=\"image\" href=\"https:\/\/cristianobononi.com\/wp-content\/uploads\/2025\/09\/Coaching-et-DALF-1.jpg\" data-rel=\"prettyPhoto[single_pretty_photo]\" title=\"\">\n                                    <img loading=\"lazy\" decoding=\"async\" width=\"1280\" height=\"879\" src=\"https:\/\/cristianobononi.com\/wp-content\/uploads\/2025\/09\/Coaching-et-DALF-1.jpg\" class=\"attachment-full size-full\" alt=\"\" srcset=\"https:\/\/cristianobononi.com\/wp-content\/uploads\/2025\/09\/Coaching-et-DALF-1.jpg 1280w, https:\/\/cristianobononi.com\/wp-content\/uploads\/2025\/09\/Coaching-et-DALF-1-300x206.jpg 300w, https:\/\/cristianobononi.com\/wp-content\/uploads\/2025\/09\/Coaching-et-DALF-1-1024x703.jpg 1024w, https:\/\/cristianobononi.com\/wp-content\/uploads\/2025\/09\/Coaching-et-DALF-1-768x527.jpg 768w\" sizes=\"auto, (max-width: 1280px) 100vw, 1280px\" \/>                                <\/a>\n            <\/div>\n    <div class=\"eltdf-iwt-text-holder\">\n                    <h3 class=\"eltdf-iwt-title\" >Praticien PNL ICI Certifi\u00e9<\/h3>\n        \t\t            <p class=\"eltdf-iwt-text\" >Certification international de Praticien en Programmation Neuro Linguistique<\/p>\n            <\/div>\n<\/div><div class=\"vc_empty_space\"   style=\"height: 40px\"><span class=\"vc_empty_space_inner\"><\/span><\/div><\/div><\/div><\/div><\/div><\/div><\/div><\/div><\/div><\/div>\n<\/section>","protected":false},"excerpt":{"rendered":"Coach professionista e practicien PNL certificato all\u2019ICI di Ginevra, imprenditore e curioso della vita: \u201815 anni fa avevo un sogno, partire dall\u2019Italia. A ben vedere pi\u00f9 che un sogno era disperazione. Non ne potevo pi\u00f9, niente di quel che facevo funzionava. Alle spalle una bella [...]","protected":false},"author":1,"featured_media":0,"parent":0,"menu_order":0,"comment_status":"closed","ping_status":"closed","template":"full-width.php","meta":{"footnotes":""},"class_list":["post-11804","page","type-page","status-publish","hentry"],"_links":{"self":[{"href":"https:\/\/cristianobononi.com\/fr\/wp-json\/wp\/v2\/pages\/11804","targetHints":{"allow":["GET"]}}],"collection":[{"href":"https:\/\/cristianobononi.com\/fr\/wp-json\/wp\/v2\/pages"}],"about":[{"href":"https:\/\/cristianobononi.com\/fr\/wp-json\/wp\/v2\/types\/page"}],"author":[{"embeddable":true,"href":"https:\/\/cristianobononi.com\/fr\/wp-json\/wp\/v2\/users\/1"}],"replies":[{"embeddable":true,"href":"https:\/\/cristianobononi.com\/fr\/wp-json\/wp\/v2\/comments?post=11804"}],"version-history":[{"count":7,"href":"https:\/\/cristianobononi.com\/fr\/wp-json\/wp\/v2\/pages\/11804\/revisions"}],"predecessor-version":[{"id":11839,"href":"https:\/\/cristianobononi.com\/fr\/wp-json\/wp\/v2\/pages\/11804\/revisions\/11839"}],"wp:attachment":[{"href":"https:\/\/cristianobononi.com\/fr\/wp-json\/wp\/v2\/media?parent=11804"}],"curies":[{"name":"wp","href":"https:\/\/api.w.org\/{rel}","templated":true}]}}