{"id":1303,"date":"2016-09-22T13:03:34","date_gmt":"2016-09-22T13:03:34","guid":{"rendered":"https:\/\/superfood.qodeinteractive.com\/?page_id=1303"},"modified":"2023-12-28T20:21:37","modified_gmt":"2023-12-28T19:21:37","slug":"what-we-offer","status":"publish","type":"page","link":"https:\/\/cristianobononi.com\/fr\/what-we-offer\/","title":{"rendered":"Entrepreneurs"},"content":{"rendered":"<section class=\"wpb-content-wrapper\"><div class=\"eltdf-row-grid-section\"><div class=\"vc_row wpb_row vc_row-fluid vc_custom_1700857127649 eltdf-row-type-row\" style=\"\"><div class=\"wpb_column vc_column_container vc_col-sm-12 vc_col-lg-4 vc_col-md-12\"><div class=\"vc_column-inner\"><div class=\"wpb_wrapper\"><div class=\"eltdf-animation-holder eltdf-element-from-top\" data-animation=\"eltdf-element-from-top\" data-animation-delay=\"500\"><div class=\"eltdf-animation-inner\"><div class=\"eltdf-iwt clearfix eltdf-iwt-icon-left eltdf-iwt-icon-small\">\n    <div class=\"eltdf-iwt-icon\">\n                                        <span class=\"eltdf-icon-shortcode eltdf-normal\"  data-color=\"#00bdbb\">\n                    <span aria-hidden=\"true\" class=\"eltdf-icon-font-elegant icon_building eltdf-icon-element\" style=\"color: #00bdbb;font-size:33px\" ><\/span>            <\/span>\n                        <\/div>\n    <div class=\"eltdf-iwt-content\" >\n\t    \t        <h4 class=\"eltdf-iwt-title\" >\n\t\t\t    \t               Mod\u00e9liser sa propre entreprise\t\t\t                <\/h4>\n\t    \t\t            <p class=\"eltdf-iwt-text\" >Comment fonctionne mon entreprise pas \u00e0 pas et quels \u00e9l\u00e9ments pourraient mieux interagir entre eux\u202f? Plus d\u2019efficacit\u00e9 signifie plus de r\u00e9sultats et moins de co\u00fbts.<\/p>\n\t\t    <\/div>\n<\/div><\/div><\/div><div class=\"vc_empty_space\"   style=\"height: 70px\"><span class=\"vc_empty_space_inner\"><\/span><\/div><\/div><\/div><\/div><div class=\"wpb_column vc_column_container vc_col-sm-12 vc_col-lg-4 vc_col-md-12\"><div class=\"vc_column-inner\"><div class=\"wpb_wrapper\"><div class=\"eltdf-animation-holder eltdf-element-from-top\" data-animation=\"eltdf-element-from-top\" data-animation-delay=\"600\"><div class=\"eltdf-animation-inner\"><div class=\"eltdf-iwt clearfix eltdf-iwt-icon-left eltdf-iwt-icon-small\">\n    <div class=\"eltdf-iwt-icon\">\n                                        <span class=\"eltdf-icon-shortcode eltdf-normal\"  data-color=\"#00bdbb\">\n                    <i class=\"eltdf-icon-font-awesome fa fa-bullhorn eltdf-icon-element\" style=\"color: #00bdbb;font-size:33px\" ><\/i>            <\/span>\n                        <\/div>\n    <div class=\"eltdf-iwt-content\" >\n\t    \t        <h4 class=\"eltdf-iwt-title\" >\n\t\t\t    \t               Communication efficace\t\t\t                <\/h4>\n\t    \t\t            <p class=\"eltdf-iwt-text\" >La communication avec les collaborateurs est fondamentale \u00e0 tout niveau. Elle r\u00e9duit les malentendus, acc\u00e9l\u00e8re le processus productif et en diminue les impr\u00e9visibilit\u00e9s, ainsi que les co\u00fbts.<\/p>\n\t\t    <\/div>\n<\/div><\/div><\/div><div class=\"vc_empty_space\"   style=\"height: 70px\"><span class=\"vc_empty_space_inner\"><\/span><\/div><\/div><\/div><\/div><div class=\"wpb_column vc_column_container vc_col-sm-12 vc_col-lg-4 vc_col-md-12\"><div class=\"vc_column-inner\"><div class=\"wpb_wrapper\"><div class=\"eltdf-animation-holder eltdf-element-from-top\" data-animation=\"eltdf-element-from-top\" data-animation-delay=\"700\"><div class=\"eltdf-animation-inner\"><div class=\"eltdf-iwt clearfix eltdf-iwt-icon-left eltdf-iwt-icon-small\">\n    <div class=\"eltdf-iwt-icon\">\n                                        <span class=\"eltdf-icon-shortcode eltdf-normal\"  data-color=\"#00bdbb\">\n                    <i class=\"eltdf-icon-font-awesome fa fa-user eltdf-icon-element\" style=\"color: #00bdbb;font-size:33px\" ><\/i>            <\/span>\n                        <\/div>\n    <div class=\"eltdf-iwt-content\" >\n\t    \t        <h4 class=\"eltdf-iwt-title\" >\n\t\t\t    \t               Comment g\u00e9rer la solitude du commandement\t\t\t                <\/h4>\n\t    \t\t            <p class=\"eltdf-iwt-text\" >\u00catre propri\u00e9taire d\u2019une soci\u00e9t\u00e9, quelle que soit sa dimension, est un travail solitaire. Vous \u00eates le point d\u2019arriv\u00e9e de tout et vous pouvez rarement vous permettre le luxe de partager les responsabilit\u00e9s de votre position. Comment le g\u00e9rer au mieux\u202f?<\/p>\n\t\t    <\/div>\n<\/div><\/div><\/div><div class=\"vc_empty_space\"   style=\"height: 70px\"><span class=\"vc_empty_space_inner\"><\/span><\/div><\/div><\/div><\/div><\/div><\/div><div class=\"eltdf-row-grid-section\"><div class=\"vc_row wpb_row vc_row-fluid vc_custom_1480084745982 eltdf-row-type-row\" style=\"\"><div class=\"wpb_column vc_column_container vc_col-sm-12 vc_col-lg-4 vc_col-md-12\"><div class=\"vc_column-inner\"><div class=\"wpb_wrapper\"><div class=\"eltdf-animation-holder eltdf-element-from-top\" data-animation=\"eltdf-element-from-top\" data-animation-delay=\"800\"><div class=\"eltdf-animation-inner\"><div class=\"eltdf-iwt clearfix eltdf-iwt-icon-left eltdf-iwt-icon-small\">\n    <div class=\"eltdf-iwt-icon\">\n                                        <span class=\"eltdf-icon-shortcode eltdf-normal\"  data-color=\"#00bdbb\">\n                    <span aria-hidden=\"true\" class=\"eltdf-icon-font-elegant arrow_right-up eltdf-icon-element\" style=\"color: #00bdbb;font-size:33px\" ><\/span>            <\/span>\n                        <\/div>\n    <div class=\"eltdf-iwt-content\" >\n\t    \t        <h4 class=\"eltdf-iwt-title\" >\n\t\t\t    \t               L\u2019entreprise, une \u00e9manation de vous m\u00eame\t\t\t                <\/h4>\n\t    \t\t            <p class=\"eltdf-iwt-text\" >L\u2019entrepreneur d\u00e9finit intrins\u00e8quement le niveau de d\u00e9veloppement que son entreprise aura dans le futur. Son caract\u00e8re lui donnera des forces et des faiblesses, et les collaborateurs seront davantage une image de la propri\u00e9t\u00e9 qu\u2019une r\u00e9ponse au besoin. Comment \u00e9voluer personnellement afin que l\u2019entreprise croisse\u202f?<\/p>\n\t\t    <\/div>\n<\/div><\/div><\/div><div class=\"vc_empty_space\"   style=\"height: 70px\"><span class=\"vc_empty_space_inner\"><\/span><\/div><\/div><\/div><\/div><div class=\"wpb_column vc_column_container vc_col-sm-12 vc_col-lg-4 vc_col-md-12\"><div class=\"vc_column-inner\"><div class=\"wpb_wrapper\"><div class=\"eltdf-animation-holder eltdf-element-from-top\" data-animation=\"eltdf-element-from-top\" data-animation-delay=\"900\"><div class=\"eltdf-animation-inner\"><div class=\"eltdf-iwt clearfix eltdf-iwt-icon-left eltdf-iwt-icon-small\">\n    <div class=\"eltdf-iwt-icon\">\n                                        <span class=\"eltdf-icon-shortcode eltdf-normal\"  data-color=\"#00bdbb\">\n                    <i class=\"eltdf-icon-font-awesome fa fa-binoculars eltdf-icon-element\" style=\"color: #00bdbb;font-size:33px\" ><\/i>            <\/span>\n                        <\/div>\n    <div class=\"eltdf-iwt-content\" >\n\t    \t        <h4 class=\"eltdf-iwt-title\" >\n\t\t\t    \t               La vision\t\t\t                <\/h4>\n\t    \t\t            <p class=\"eltdf-iwt-text\" >O\u00f9 conduisez vous votre activit\u00e9\u202f? Que voulez vous pour votre entreprise\u202f? O\u00f9 serez vous dans six mois, un an, cinq ans ou plus\u202f? Les grands entrepreneurs ont toujours eu une vision. Quelle est la v\u00f4tre?<\/p>\n\t\t    <\/div>\n<\/div><\/div><\/div><div class=\"vc_empty_space\"   style=\"height: 70px\"><span class=\"vc_empty_space_inner\"><\/span><\/div><\/div><\/div><\/div><div class=\"wpb_column vc_column_container vc_col-sm-12 vc_col-lg-4 vc_col-md-12\"><div class=\"vc_column-inner\"><div class=\"wpb_wrapper\"><div class=\"eltdf-animation-holder eltdf-element-from-top\" data-animation=\"eltdf-element-from-top\" data-animation-delay=\"1000\"><div class=\"eltdf-animation-inner\"><div class=\"eltdf-iwt clearfix eltdf-iwt-icon-left eltdf-iwt-icon-small\">\n    <div class=\"eltdf-iwt-icon\">\n                                        <span class=\"eltdf-icon-shortcode eltdf-normal\"  data-color=\"#00bdbb\">\n                    <i class=\"eltdf-icon-font-awesome fa fa-heart eltdf-icon-element\" style=\"color: #00bdbb;font-size:33px\" ><\/i>            <\/span>\n                        <\/div>\n    <div class=\"eltdf-iwt-content\" >\n\t    \t        <h4 class=\"eltdf-iwt-title\" >\n\t\t\t    \t               Les \u00e9motions, de limite \u00e0 avantage\t\t\t                <\/h4>\n\t    \t\t            <p class=\"eltdf-iwt-text\" >Come usarle per rendere produttivi i collaboratori&lt;br \/&gt;\nLo stress, la pressione del comando, le scadenze e l&rsquo;imperativo di produrre risultati influenzano le vostre emozioni. Come usarle per migliorare la produttivit&agrave; dei vostri collaboratori? Come proteggerli dalle giornate no affinch&egrave; vi aiutino a centrare i vostri obbiettivi?<\/p>\n\t\t    <\/div>\n<\/div><\/div><\/div><div class=\"vc_empty_space\"   style=\"height: 70px\"><span class=\"vc_empty_space_inner\"><\/span><\/div><\/div><\/div><\/div><\/div><\/div>\n<\/section>","protected":false},"excerpt":{"rendered":"Modellizzare la propria azienda Come funziona la mia azienda passo per passo e quali elementi potrebbero interagire meglio tra loro? Pi\u00f9 efficacemente significa piu\u0300 risultati e meno costi. Comunicazione efficace La comunicazione coi collaboratori e\u0300 fondamentale a qualunque livello. Riduce i malintesi, accelera il processo [...]","protected":false},"author":1,"featured_media":0,"parent":0,"menu_order":0,"comment_status":"closed","ping_status":"closed","template":"full-width.php","meta":{"footnotes":""},"class_list":["post-1303","page","type-page","status-publish","hentry"],"_links":{"self":[{"href":"https:\/\/cristianobononi.com\/fr\/wp-json\/wp\/v2\/pages\/1303","targetHints":{"allow":["GET"]}}],"collection":[{"href":"https:\/\/cristianobononi.com\/fr\/wp-json\/wp\/v2\/pages"}],"about":[{"href":"https:\/\/cristianobononi.com\/fr\/wp-json\/wp\/v2\/types\/page"}],"author":[{"embeddable":true,"href":"https:\/\/cristianobononi.com\/fr\/wp-json\/wp\/v2\/users\/1"}],"replies":[{"embeddable":true,"href":"https:\/\/cristianobononi.com\/fr\/wp-json\/wp\/v2\/comments?post=1303"}],"version-history":[{"count":3,"href":"https:\/\/cristianobononi.com\/fr\/wp-json\/wp\/v2\/pages\/1303\/revisions"}],"predecessor-version":[{"id":11663,"href":"https:\/\/cristianobononi.com\/fr\/wp-json\/wp\/v2\/pages\/1303\/revisions\/11663"}],"wp:attachment":[{"href":"https:\/\/cristianobononi.com\/fr\/wp-json\/wp\/v2\/media?parent=1303"}],"curies":[{"name":"wp","href":"https:\/\/api.w.org\/{rel}","templated":true}]}}